{"id":52,"date":"2023-06-01T13:20:24","date_gmt":"2023-06-01T13:20:24","guid":{"rendered":"https:\/\/radioluciana.ro\/?page_id=52"},"modified":"2023-06-01T13:28:35","modified_gmt":"2023-06-01T13:28:35","slug":"despre-noi","status":"publish","type":"page","link":"https:\/\/radioluciana.ro\/?page_id=52","title":{"rendered":"Despre Noi"},"content":{"rendered":"\n<p> <p>Radio Luciana este un loc al t\u0103u, un refugiu nostalgic, unde s\u0103 te destinzi, unde s\u0103 ui\u021bi de toate problemele, unde s\u0103 fii cine vrei tu s\u0103 fii, unde s\u0103 te \u00eencarci cu energie pozitiv\u0103, unde s\u0103 ascul\u021bi muzica pe care o iube\u0219ti din adolescen\u021b\u0103, unde s\u0103 cuno\u0219ti oameni minuna\u021bi care \u00ee\u021bi \u00eemp\u0103rt\u0103\u0219esc idei \u0219i sentimente, cu sinceritate, cu inteligen\u021b\u0103, cu curaj.<\/p>   <p class=\"has-text-align-center\">Acesta este Radio Luciana  \u2013 I Love You So Much!<\/p> <\/p>\n\n\n\n<figure class=\"wp-block-image size-large is-resized\"><img loading=\"lazy\" decoding=\"async\" src=\"https:\/\/radioluciana.ro\/wp-content\/uploads\/2023\/06\/cropped-Imagine-WhatsApp-2023-06-01-la-14.42.41-1024x230.jpg\" alt=\"\" class=\"wp-image-17\" width=\"839\" height=\"188\" srcset=\"https:\/\/radioluciana.ro\/wp-content\/uploads\/2023\/06\/cropped-Imagine-WhatsApp-2023-06-01-la-14.42.41-1024x230.jpg 1024w, https:\/\/radioluciana.ro\/wp-content\/uploads\/2023\/06\/cropped-Imagine-WhatsApp-2023-06-01-la-14.42.41-300x67.jpg 300w, https:\/\/radioluciana.ro\/wp-content\/uploads\/2023\/06\/cropped-Imagine-WhatsApp-2023-06-01-la-14.42.41-768x173.jpg 768w, https:\/\/radioluciana.ro\/wp-content\/uploads\/2023\/06\/cropped-Imagine-WhatsApp-2023-06-01-la-14.42.41-1536x345.jpg 1536w, https:\/\/radioluciana.ro\/wp-content\/uploads\/2023\/06\/cropped-Imagine-WhatsApp-2023-06-01-la-14.42.41-1200x270.jpg 1200w, https:\/\/radioluciana.ro\/wp-content\/uploads\/2023\/06\/cropped-Imagine-WhatsApp-2023-06-01-la-14.42.41-850x191.jpg 850w, https:\/\/radioluciana.ro\/wp-content\/uploads\/2023\/06\/cropped-Imagine-WhatsApp-2023-06-01-la-14.42.41-480x108.jpg 480w, https:\/\/radioluciana.ro\/wp-content\/uploads\/2023\/06\/cropped-Imagine-WhatsApp-2023-06-01-la-14.42.41.jpg 2043w\" sizes=\"auto, (max-width: 839px) 100vw, 839px\" \/><\/figure>\n","protected":false},"excerpt":{"rendered":"<p>Radio Luciana este un loc al t\u0103u, un refugiu nostalgic, unde s\u0103 te destinzi, unde s\u0103 ui\u021bi de toate problemele,&#8230;<\/p>\n","protected":false},"author":1,"featured_media":0,"parent":0,"menu_order":3,"comment_status":"closed","ping_status":"closed","template":"","meta":{"footnotes":""},"class_list":["post-52","page","type-page","status-publish","hentry"],"_links":{"self":[{"href":"https:\/\/radioluciana.ro\/index.php?rest_route=\/wp\/v2\/pages\/52","targetHints":{"allow":["GET"]}}],"collection":[{"href":"https:\/\/radioluciana.ro\/index.php?rest_route=\/wp\/v2\/pages"}],"about":[{"href":"https:\/\/radioluciana.ro\/index.php?rest_route=\/wp\/v2\/types\/page"}],"author":[{"embeddable":true,"href":"https:\/\/radioluciana.ro\/index.php?rest_route=\/wp\/v2\/users\/1"}],"replies":[{"embeddable":true,"href":"https:\/\/radioluciana.ro\/index.php?rest_route=%2Fwp%2Fv2%2Fcomments&post=52"}],"version-history":[{"count":3,"href":"https:\/\/radioluciana.ro\/index.php?rest_route=\/wp\/v2\/pages\/52\/revisions"}],"predecessor-version":[{"id":59,"href":"https:\/\/radioluciana.ro\/index.php?rest_route=\/wp\/v2\/pages\/52\/revisions\/59"}],"wp:attachment":[{"href":"https:\/\/radioluciana.ro\/index.php?rest_route=%2Fwp%2Fv2%2Fmedia&parent=52"}],"curies":[{"name":"wp","href":"https:\/\/api.w.org\/{rel}","templated":true}]}}